{"id":3,"date":"2022-07-03T13:44:30","date_gmt":"2022-07-03T13:44:30","guid":{"rendered":"https:\/\/leparisec.com\/?page_id=3"},"modified":"2024-06-18T23:06:31","modified_gmt":"2024-06-18T23:06:31","slug":"aviso-legal-y-politica-privacidad","status":"publish","type":"page","link":"https:\/\/leparisec.com\/index.php\/aviso-legal-y-politica-privacidad\/","title":{"rendered":"Aviso Legal y Pol\u00edtica de privacidad"},"content":{"rendered":"\n<h2 class=\"wp-block-heading\" style=\"margin-top:30%;margin-right:30%;margin-bottom:30%;margin-left:30%\"><\/h2>\n\n\n\n<h2 class=\"wp-block-heading has-text-align-center\">Aviso Legal y Pol\u00edtica de privacidad<\/h2>\n\n\n\n<h2 class=\"wp-block-heading\"><\/h2>\n\n\n\n<p class=\"has-small-font-size\"><strong class=\"privacy-policy-tutorial\"> <\/strong>La direcci\u00f3n de nuestra web es: <a href=\"https:\/\/leparisec.com\/\" target=\"_blank\" rel=\"noreferrer noopener\">https:\/\/leparisec.com\/<\/a><\/p>\n\n\n\n<p class=\"has-ast-global-color-6-color has-ast-global-color-0-background-color has-text-color has-background has-link-color has-small-font-size wp-elements-03ffe5c7b572ca797007f59daf2065ca\">1 <strong>\u00bfQui\u00e9n es el responsable del tratamiento de sus datos?<\/strong><\/p>\n\n\n\n<p class=\"has-small-font-size\"><strong><small>Identidad del responsable<\/small><br><\/strong>Le &#8216;par\u00eds<\/p>\n\n\n\n<p class=\"has-small-font-size\"><small><strong>Direcci\u00f3n<\/strong><\/small><br><a href=\"https:\/\/maps.app.goo.gl\/3sipRpEWyWPUQbJL7\" title=\"\">Avd. 25 de agosto La Troncal &#8211; Ecuador<\/a><\/p>\n\n\n\n<p class=\"has-small-font-size\"><strong>Tel\u00e9fono<\/strong><\/p>\n\n\n\n<div class=\"wp-block-buttons is-layout-flex wp-block-buttons-is-layout-flex\">\n<div class=\"wp-block-button\"><a class=\"wp-block-button__link has-ast-global-color-6-color has-text-color has-link-color wp-element-button\" href=\"tel: 963293685\"><strong>ESCRIBENOS<\/strong><\/a><\/div>\n<\/div>\n\n\n\n<p class=\"has-small-font-size\"><small><strong>Correo<\/strong><\/small><br><a href=\"mailto:comercial@nizacars.es\"><\/a><a href=\"mailto:restauranteleparis1@gmail.com\"><\/a><a href=\"mailto:restauranteleparis1@gmail.com\">restauranteleparis1@gmail.com<\/a><\/p>\n\n\n\n<p class=\"has-ast-global-color-6-color has-ast-global-color-0-background-color has-text-color has-background has-link-color has-small-font-size wp-elements-7b0f15757ca1a1d9379a8319634f8dfb\">2.<strong>\u00bfCon qu\u00e9 finalidad tratamos sus datos?<\/strong><\/p>\n\n\n\n<p class=\"has-small-font-size\">En<strong> Leparisec <\/strong>. tratamos los datos personales que nos facilite, con las siguientes\u00a0<strong>finalidades principales<\/strong>:<\/p>\n\n\n\n<ol class=\"wp-block-list\">\n<li class=\"has-small-font-size\">Gestionar, mantener y desarrollar la relaci\u00f3n contractual que se perfeccione con la compra o contrataci\u00f3n de nuestros productos y servicios.<\/li>\n\n\n\n<li class=\"has-small-font-size\">Realizar un control de calidad sobre los productos y servicios contratados.<\/li>\n\n\n\n<li class=\"has-small-font-size\">Cumplimiento de las obligaciones legales.<\/li>\n\n\n\n<li>Atender a sus consultas y solicitudes<\/li>\n\n\n\n<li class=\"has-small-font-size\">Enviarle informaci\u00f3n relativa a productos o servicios de Le &#8216;par\u00eds similares a los que haya contratado previamente como puede ser la reserva de mesa o informaci\u00f3n personal conforme al servicio que desea que prestemos .<\/li>\n<\/ol>\n\n\n\n<p class=\"has-small-font-size\">Asimismo, y \u00fanicamente en el caso de que usted lo haya consentido en cada caso, trataremos sus datos tambi\u00e9n para la siguiente&nbsp;<strong>finalidad adicional<\/strong>:<\/p>\n\n\n\n<p class=\"has-small-font-size\">&#8211; Comunicar sus datos a Le &#8216;par\u00eds para mantener la relaci\u00f3n comercial con usted, mediante la realizaci\u00f3n de encuestas de satisfacci\u00f3n y estudios de mercado, y mediante el env\u00edo de informaci\u00f3n relativa a los productos y servicios, novedades y promociones de Le &#8216;par\u00eds pudiendo ser dichas comunicaciones adaptadas a su perfil concreto y pudiendo ser enviadas tambi\u00e9n por medios electr\u00f3nicos<\/p>\n\n\n\n<p class=\"has-ast-global-color-6-color has-ast-global-color-0-background-color has-text-color has-background has-link-color has-small-font-size wp-elements-a965088ce33d1caa511736f314995daa\">3.<strong>\u00bfCu\u00e1l es la legitimaci\u00f3n para el tratamiento de sus datos?<\/strong><\/p>\n\n\n\n<p class=\"has-small-font-size\">La base legal para el tratamiento de sus datos es, para las finalidades a) y b), la ejecuci\u00f3n de un contrato, para la finalidad c), el cumplimiento de obligaciones legales aplicables, as\u00ed como para la finalidad d), el consentimiento prestado por usted. El tratamiento de sus datos para la finalidad e) se encuentra legitimado, en su caso, por la existencia de una relaci\u00f3n<strong> RESERVA DE MESA<\/strong>S previa con usted.<\/p>\n\n\n\n<p><\/p>\n\n\n\n<p class=\"has-ast-global-color-6-color has-ast-global-color-0-background-color has-text-color has-background has-link-color has-small-font-size wp-elements-076df4659266d5c3575bc2fdd095aec9\"><strong>4.\u00bfPor cu\u00e1nto tiempo conservaremos sus datos?<\/strong><\/p>\n\n\n\n<p class=\"has-small-font-size\">Conservaremos sus datos personales mientras sean necesarios para la gesti\u00f3n y administraci\u00f3n de la relaci\u00f3n contractual y mientras usted no retire los consentimientos otorgados, y en cualquier caso mientras usted no solicite su supresi\u00f3n, as\u00ed como el tiempo necesario para dar cumplimiento a las obligaciones legales que en cada caso correspondan acorde con cada tipolog\u00eda de datos.<\/p>\n\n\n\n<p class=\"has-ast-global-color-6-color has-ast-global-color-0-background-color has-text-color has-background has-link-color has-small-font-size wp-elements-1a6cd010ee58964231c3f250065a61ce\">5.<strong>\u00bfA qu\u00e9 destinatarios se comunicar\u00e1n los datos?<\/strong><\/p>\n\n\n\n<p class=\"has-small-font-size\">En caso de que nos de su consentimiento para ello, sus datos podr\u00e1n ser comunicados a <strong>Le <\/strong>&#8216;<strong>par\u00eds <\/strong>para mantener la relaci\u00f3n comercial con usted.<\/p>\n\n\n\n<p class=\"has-small-font-size\">Asimismo, tambi\u00e9n podr\u00e1n ser comunicadas a terceros para el cumplimiento de obligaciones legales aplicables en cada caso.<\/p>\n\n\n\n<p class=\"has-ast-global-color-6-color has-ast-global-color-0-background-color has-text-color has-background has-link-color has-small-font-size wp-elements-09b7a4ababb0b973f4466b18f5a9c275\"><strong>6.\u00bfCu\u00e1les son sus derechos como titular de los datos?<\/strong><\/p>\n\n\n\n<p class=\"has-small-font-size\"><strong>Acceso<\/strong><br>Podr\u00e1 obtener confirmaci\u00f3n de si estamos tratando sus datos personales, as\u00ed como consultar sus datos personales incluidos en nuestros ficheros.<\/p>\n\n\n\n<p class=\"has-small-font-size\"><strong>Rectificaci\u00f3n<\/strong><br>Podr\u00e1 modificar sus datos personales cuando sean inexactos, as\u00ed como, completar aquellos que sean incompletos.<\/p>\n\n\n\n<p class=\"has-small-font-size\"><strong>Supresi\u00f3n<\/strong><br>Podr\u00e1 solicitar la eliminaci\u00f3n de sus datos personales cuando, entre otros motivos, los datos ya no sean necesarios para los fines que fueron recogidos.<\/p>\n\n\n\n<p><strong>Oposici\u00f3n<\/strong><br>Podr\u00e1 solicitar que no se traten sus datos personales. Dejaremos de tratar los datos, salvo por motivos leg\u00edtimos imperiosos, o el ejercicio o la defensa de posibles reclamaciones.<\/p>\n\n\n\n<p><strong>Limitaci\u00f3n del tratamiento<\/strong><br>Podr\u00e1 solicitar la limitaci\u00f3n al tratamiento de sus datos en los siguientes supuestos:<\/p>\n\n\n\n<ol class=\"wp-block-list\">\n<li>Mientras se compruebe la impugnaci\u00f3n de la exactitud de sus datos.<\/li>\n\n\n\n<li>Cuando el tratamiento sea il\u00edcito, usted se oponga a la supresi\u00f3n de sus datos, y solicite la limitaci\u00f3n de su uso.<\/li>\n\n\n\n<li>Cuando no necesitemos tratar sus datos pero usted los necesite para el ejercicio o la defensa de reclamaciones.<\/li>\n\n\n\n<li>Cuando se haya opuesto al tratamiento de sus datos para el cumplimiento de una misi\u00f3n de inter\u00e9s p\u00fablico o para la satisfacci\u00f3n de un inter\u00e9s leg\u00edtimo, mientras se verifica si los motivos leg\u00edtimos para el tratamiento prevalecen sobre los suyos.<\/li>\n<\/ol>\n\n\n\n<p class=\"has-small-font-size\"><strong>Portabilidad<\/strong><br>Podr\u00e1 recibir, en formato electr\u00f3nico, los datos personales que nos haya facilitado y aquellos que se han obtenido de su relaci\u00f3n contractual con nosotros, as\u00ed como a transmitirlos a otra entidad.<\/p>\n\n\n\n<p class=\"has-small-font-size\"><strong><small>Canales de atenci\u00f3n<\/small><br><\/strong>Podr\u00e1 ejercer sus derechos enviando un correo electr\u00f3nico a\u00a0<a href=\"mailto:restauranteleparis1@gmail.com\">restauranteleparis1@gmail.com<\/a><br>Para el ejercicio de sus derechos deber\u00e1 adjuntar una copia de su <strong>CEDULA <\/strong>u otro documento que acredite su identidad, e indicar el derecho que desea ejercer.<\/p>\n\n\n\n<p class=\"has-small-font-size\">Si considera que no hemos tratado tus datos personales de conformidad con la normativa aplicable, podr\u00e1 presentar una reclamaci\u00f3n frente a la autoridad de control competente, a trav\u00e9s de la p\u00e1gina web<a href=\"https:\/\/www.aepd.org.ec\/#:~:text=La%20Asociaci%C3%B3n%20Ecuatoriana%20de%20Protecci%C3%B3n,tecnolog%C3%ADas%20de%20la%20informaci%C3%B3n%20y\" target=\"_blank\" rel=\"noreferrer noopener\">&nbsp;www.aepd.org.ec<\/a><\/p>\n\n\n\n<p class=\"has-ast-global-color-6-color has-ast-global-color-0-background-color has-text-color has-background has-link-color has-small-font-size wp-elements-713303baff4201a7e1ac23c37d69f689\">1<strong>\u00bfQu\u00e9 son las\u00a0<em>cookies<\/em>?<\/strong><\/p>\n\n\n\n<p class=\"has-small-font-size\">Las&nbsp;<em>cookies<\/em>&nbsp;son ficheros que almacenan y recuperan informaci\u00f3n sobre los h\u00e1bitos de navegaci\u00f3n del usuario. La informaci\u00f3n que se obtiene est\u00e1 relacionada, por ejemplo, con el n\u00famero de p\u00e1ginas que se visitan, el idioma, el lugar desde el que se accede, el n\u00famero de nuevos usuarios, la frecuencia y reincidencia de las visitas, el tiempo que dura la misma, el navegador o el equipo desde el que se realiza la visita o se ejecuta la aplicaci\u00f3n.<\/p>\n\n\n\n<p class=\"has-ast-global-color-6-color has-ast-global-color-0-background-color has-text-color has-background has-link-color has-small-font-size wp-elements-b9cd1d86894b45f6b34d8b9dbbfb4020\"><strong>2.\u00bfQu\u00e9 tipos de&nbsp;<em>cookies<\/em>&nbsp;utiliza el sitio web?<\/strong><\/p>\n\n\n\n<p class=\"has-small-font-size\">La tipolog\u00eda de&nbsp;<em>cookies<\/em>&nbsp;que se utilizan con la navegaci\u00f3n a trav\u00e9s del sitio web son las que se detallan a continuaci\u00f3n:<\/p>\n\n\n\n<p class=\"has-small-font-size\"><strong>Seg\u00fan la entidad que las gestiona:<\/strong><\/p>\n\n\n\n<ol class=\"wp-block-list\">\n<li class=\"has-small-font-size\"><strong><em>Cookies<\/em>&nbsp;propias<\/strong>: se env\u00edan al equipo terminal del usuario desde un equipo o dominio gestionado por el propio editor y desde el que se presta el servicio solicitado por el Usuario.<\/li>\n\n\n\n<li class=\"has-small-font-size\"><strong><em>Cookies<\/em>&nbsp;de<\/strong> <strong>terceros<\/strong>: se env\u00edan al equipo terminal del usuario desde un equipo o dominio que no es gestionado por el editor, sino por otra entidad que trata los datos obtenidos a trav\u00e9s de las&nbsp;<em>cookies<\/em>.<\/li>\n<\/ol>\n\n\n\n<p class=\"has-small-font-size\"><strong>Seg\u00fan el plazo de tiempo que permanecen activas:<\/strong><\/p>\n\n\n\n<ol class=\"wp-block-list\">\n<li class=\"has-small-font-size\"><strong><em>Cookies<\/em>&nbsp;de sesi\u00f3n<\/strong>: recaban y almacenan datos mientras el usuario accede al sitio web.<\/li>\n\n\n\n<li class=\"has-small-font-size\"><strong><em>Cookies<\/em>&nbsp;persistentes<\/strong>: recopilan datos almacenados en el terminal y son accedidos y tratados durante el periodo definido.<\/li>\n<\/ol>\n\n\n\n<p class=\"has-small-font-size\"><strong>Seg\u00fan su finalidad:<\/strong><\/p>\n\n\n\n<ol class=\"wp-block-list\">\n<li class=\"has-small-font-size\"><em>Cookies<\/em>&nbsp;t\u00e9cnicas: permiten la navegaci\u00f3n a trav\u00e9s del sitio web y la utilizaci\u00f3n de diferentes servicios que existan en la misma como podr\u00eda ser controlar el tr\u00e1fico y comunicaci\u00f3n de datos, realizar el proceso de compra de un pedido o utilizar elementos de seguridad durante la navegaci\u00f3n.<\/li>\n\n\n\n<li><em>Cookies<\/em>&nbsp;de personalizaci\u00f3n: permiten al usuario acceder al servicio en funci\u00f3n de caracter\u00edsticas predefinidas.<\/li>\n\n\n\n<li class=\"has-small-font-size\"><em>Cookies<\/em>&nbsp;de an\u00e1lisis: permiten el seguimiento y an\u00e1lisis del comportamiento de los usuarios (por ejemplo, para la medici\u00f3n de la actividad de la aplicaci\u00f3n, la elaboraci\u00f3n de perfiles de usuarios, etc., con el fin de introducir mejoras en el servicio en funci\u00f3n de los datos de uso que hacen los usuarios).<\/li>\n\n\n\n<li class=\"has-small-font-size\"><em>Cookies<\/em>&nbsp;publicitarias: permiten la gesti\u00f3n de forma eficaz de los espacios publicitarios incluidos en el sitio web, en base a criterios como el contenido editado o la frecuencia en la que se muestran los anuncios.<\/li>\n\n\n\n<li class=\"has-small-font-size\"><em>Cookies<\/em>&nbsp;de publicidad comportamental: permiten la gesti\u00f3n, de la forma m\u00e1s eficaz posible, de los espacios publicitarios incluidos en el sitio web. Estas&nbsp;<em>cookies<\/em>&nbsp;almacenan informaci\u00f3n del comportamiento de los usuarios obtenida a trav\u00e9s de la observaci\u00f3n continuada de sus h\u00e1bitos de navegaci\u00f3n, lo que permite desarrollar un perfil espec\u00edfico para mostrar publicidad en funci\u00f3n del mismo.<\/li>\n<\/ol>\n\n\n\n<p class=\"has-ast-global-color-6-color has-ast-global-color-0-background-color has-text-color has-background has-link-color has-small-font-size wp-elements-2e36e91c88e11b15241419e4764d079d\"><strong>A continuaci\u00f3n, adjuntamos lista de todas las&nbsp;<em>cookies<\/em>&nbsp;especificas que utiliza el sitio web:<\/strong><\/p>\n\n\n\n<p class=\"has-small-font-size\">Esta p\u00e1gina web usa cookies. Las cookies de este sitio web se usan para personalizar el contenido y los anuncios, ofrecer funciones de redes sociales y analizar el tr\u00e1fico. Adem\u00e1s, compartimos informaci\u00f3n sobre el uso que haga del sitio web con nuestros partners de redes sociales, publicidad y an\u00e1lisis web, quienes pueden combinarla con otra informaci\u00f3n que les haya proporcionado o que hayan recopilado a partir del uso que haya hecho de sus servicios.<\/p>\n\n\n\n<p class=\"has-black-color has-text-color has-small-font-size\">Las cookies son peque\u00f1os archivos de texto que las p\u00e1ginas web pueden utilizar para hacer m\u00e1s eficiente la experiencia del usuario.<br><br>La ley afirma que podemos almacenar cookies en su dispositivo si son estrictamente necesarias para el funcionamiento de esta p\u00e1gina. Para todos los dem\u00e1s tipos de cookies necesitamos su permiso.<br><br>Esta p\u00e1gina utiliza tipos diferentes de cookies. Algunas cookies son colocadas por servicios de terceros que aparecen en nuestras p\u00e1ginas.<br><br><\/p>\n\n\n\n<p class=\"has-ast-global-color-6-color has-ast-global-color-0-background-color has-text-color has-background has-link-color has-small-font-size wp-elements-5a08e772808dd37a9bc9dc7e65237c65\"><strong>En cualquier momento puede cambiar o retirar su consentimiento desde la Declaraci\u00f3n de cookies en nuestro sitio web.<\/strong><\/p>\n","protected":false},"excerpt":{"rendered":"<p>Aviso Legal y Pol\u00edtica de privacidad La direcci\u00f3n de nuestra web es: https:\/\/leparisec.com\/ 1 \u00bfQui\u00e9n es el responsable del tratamiento de sus datos? Identidad del responsableLe &#8216;par\u00eds Direcci\u00f3nAvd. 25 de agosto La Troncal &#8211; Ecuador Tel\u00e9fono Correorestauranteleparis1@gmail.com 2.\u00bfCon qu\u00e9 finalidad tratamos sus datos? En Leparisec . tratamos los datos personales que nos facilite, con las [&hellip;]<\/p>\n","protected":false},"author":1,"featured_media":0,"parent":0,"menu_order":0,"comment_status":"closed","ping_status":"closed","template":"","meta":{"om_disable_all_campaigns":false,"_monsterinsights_skip_tracking":false,"_monsterinsights_sitenote_active":false,"_monsterinsights_sitenote_note":"","_monsterinsights_sitenote_category":0,"_uf_show_specific_survey":0,"_uf_disable_surveys":false,"site-sidebar-layout":"default","site-content-layout":"","ast-site-content-layout":"default","site-content-style":"default","site-sidebar-style":"default","ast-global-header-display":"","ast-banner-title-visibility":"","ast-main-header-display":"","ast-hfb-above-header-display":"","ast-hfb-below-header-display":"","ast-hfb-mobile-header-display":"","site-post-title":"disabled","ast-breadcrumbs-content":"","ast-featured-img":"","footer-sml-layout":"","ast-disable-related-posts":"","theme-transparent-header-meta":"","adv-header-id-meta":"","stick-header-meta":"","header-above-stick-meta":"","header-main-stick-meta":"","header-below-stick-meta":"","astra-migrate-meta-layouts":"set","ast-page-background-enabled":"default","ast-page-background-meta":{"desktop":{"background-color":"","background-image":"","background-repeat":"repeat","background-position":"center center","background-size":"auto","background-attachment":"scroll","background-type":"","background-media":"","overlay-type":"","overlay-color":"","overlay-opacity":"","overlay-gradient":""},"tablet":{"background-color":"","background-image":"","background-repeat":"repeat","background-position":"center center","background-size":"auto","background-attachment":"scroll","background-type":"","background-media":"","overlay-type":"","overlay-color":"","overlay-opacity":"","overlay-gradient":""},"mobile":{"background-color":"","background-image":"","background-repeat":"repeat","background-position":"center center","background-size":"auto","background-attachment":"scroll","background-type":"","background-media":"","overlay-type":"","overlay-color":"","overlay-opacity":"","overlay-gradient":""}},"ast-content-background-meta":{"desktop":{"background-color":"var(--ast-global-color-5)","background-image":"","background-repeat":"repeat","background-position":"center center","background-size":"auto","background-attachment":"scroll","background-type":"","background-media":"","overlay-type":"","overlay-color":"","overlay-opacity":"","overlay-gradient":""},"tablet":{"background-color":"var(--ast-global-color-5)","background-image":"","background-repeat":"repeat","background-position":"center center","background-size":"auto","background-attachment":"scroll","background-type":"","background-media":"","overlay-type":"","overlay-color":"","overlay-opacity":"","overlay-gradient":""},"mobile":{"background-color":"var(--ast-global-color-5)","background-image":"","background-repeat":"repeat","background-position":"center center","background-size":"auto","background-attachment":"scroll","background-type":"","background-media":"","overlay-type":"","overlay-color":"","overlay-opacity":"","overlay-gradient":""}},"footnotes":""},"class_list":["post-3","page","type-page","status-publish","hentry"],"aioseo_notices":[],"_links":{"self":[{"href":"https:\/\/leparisec.com\/index.php\/wp-json\/wp\/v2\/pages\/3","targetHints":{"allow":["GET"]}}],"collection":[{"href":"https:\/\/leparisec.com\/index.php\/wp-json\/wp\/v2\/pages"}],"about":[{"href":"https:\/\/leparisec.com\/index.php\/wp-json\/wp\/v2\/types\/page"}],"author":[{"embeddable":true,"href":"https:\/\/leparisec.com\/index.php\/wp-json\/wp\/v2\/users\/1"}],"replies":[{"embeddable":true,"href":"https:\/\/leparisec.com\/index.php\/wp-json\/wp\/v2\/comments?post=3"}],"version-history":[{"count":18,"href":"https:\/\/leparisec.com\/index.php\/wp-json\/wp\/v2\/pages\/3\/revisions"}],"predecessor-version":[{"id":1590,"href":"https:\/\/leparisec.com\/index.php\/wp-json\/wp\/v2\/pages\/3\/revisions\/1590"}],"wp:attachment":[{"href":"https:\/\/leparisec.com\/index.php\/wp-json\/wp\/v2\/media?parent=3"}],"curies":[{"name":"wp","href":"https:\/\/api.w.org\/{rel}","templated":true}]}}